{"id":513,"date":"2021-10-29T13:08:28","date_gmt":"2021-10-29T13:08:28","guid":{"rendered":"https:\/\/sezim.pt\/?page_id=513"},"modified":"2022-12-29T16:28:04","modified_gmt":"2022-12-29T16:28:04","slug":"a-nossa-historia","status":"publish","type":"page","link":"https:\/\/sezim.pt\/?page_id=513","title":{"rendered":"Hist\u00f3ria"},"content":{"rendered":"\t\t<div data-elementor-type=\"wp-page\" data-elementor-id=\"513\" class=\"elementor elementor-513\">\n\t\t\t\t\t\t<section class=\"elementor-section elementor-top-section elementor-element elementor-element-14b6bb8c elementor-section-full_width elementor-section-content-top elementor-section-height-default elementor-section-height-default\" data-id=\"14b6bb8c\" data-element_type=\"section\">\n\t\t\t\t\t\t<div class=\"elementor-container elementor-column-gap-no\">\n\t\t\t\t\t<div class=\"elementor-column elementor-col-50 elementor-top-column elementor-element elementor-element-100544b1\" data-id=\"100544b1\" data-element_type=\"column\">\n\t\t\t<div class=\"elementor-widget-wrap elementor-element-populated\">\n\t\t\t\t\t\t<div class=\"elementor-element elementor-element-229986fa elementor-widget elementor-widget-image\" data-id=\"229986fa\" data-element_type=\"widget\" data-widget_type=\"image.default\">\n\t\t\t\t<div class=\"elementor-widget-container\">\n\t\t\t\t\t\t\t\t\t\t\t\t\t\t\t<img fetchpriority=\"high\" decoding=\"async\" width=\"768\" height=\"960\" src=\"https:\/\/sezim.pt\/wp-content\/uploads\/2021\/10\/82524134_178076656737198_7033028396615606270_n-768x960.jpeg\" class=\"attachment-medium_large size-medium_large wp-image-625\" alt=\"\" srcset=\"https:\/\/sezim.pt\/wp-content\/uploads\/2021\/10\/82524134_178076656737198_7033028396615606270_n-768x960.jpeg 768w, https:\/\/sezim.pt\/wp-content\/uploads\/2021\/10\/82524134_178076656737198_7033028396615606270_n-240x300.jpeg 240w, https:\/\/sezim.pt\/wp-content\/uploads\/2021\/10\/82524134_178076656737198_7033028396615606270_n-819x1024.jpeg 819w, https:\/\/sezim.pt\/wp-content\/uploads\/2021\/10\/82524134_178076656737198_7033028396615606270_n.jpeg 1080w\" sizes=\"(max-width: 768px) 100vw, 768px\" \/>\t\t\t\t\t\t\t\t\t\t\t\t\t\t\t<\/div>\n\t\t\t\t<\/div>\n\t\t\t\t\t<\/div>\n\t\t<\/div>\n\t\t\t\t<div class=\"elementor-column elementor-col-50 elementor-top-column elementor-element elementor-element-595c3087\" data-id=\"595c3087\" data-element_type=\"column\">\n\t\t\t<div class=\"elementor-widget-wrap elementor-element-populated\">\n\t\t\t\t\t\t<div class=\"elementor-element elementor-element-5b5ccbe8 elementor-widget elementor-widget-heading\" data-id=\"5b5ccbe8\" data-element_type=\"widget\" data-widget_type=\"heading.default\">\n\t\t\t\t<div class=\"elementor-widget-container\">\n\t\t\t\t\t<h1 class=\"elementor-heading-title elementor-size-default\">A fazer hist\u00f3ria em Guimar\u00e3es<\/h1>\t\t\t\t<\/div>\n\t\t\t\t<\/div>\n\t\t\t\t<div class=\"elementor-element elementor-element-131fb39d elementor-invisible elementor-widget elementor-widget-heading\" data-id=\"131fb39d\" data-element_type=\"widget\" data-settings=\"{&quot;_animation&quot;:&quot;fadeInDown&quot;}\" data-widget_type=\"heading.default\">\n\t\t\t\t<div class=\"elementor-widget-container\">\n\t\t\t\t\t<h2 class=\"elementor-heading-title elementor-size-default\">mais de tr\u00eas s\u00e9culos<\/h2>\t\t\t\t<\/div>\n\t\t\t\t<\/div>\n\t\t\t\t<section class=\"elementor-section elementor-inner-section elementor-element elementor-element-956574 elementor-section-boxed elementor-section-height-default elementor-section-height-default\" data-id=\"956574\" data-element_type=\"section\">\n\t\t\t\t\t\t<div class=\"elementor-container elementor-column-gap-no\">\n\t\t\t\t\t<div class=\"elementor-column elementor-col-100 elementor-inner-column elementor-element elementor-element-40f6d973\" data-id=\"40f6d973\" data-element_type=\"column\">\n\t\t\t<div class=\"elementor-widget-wrap elementor-element-populated\">\n\t\t\t\t\t\t<div class=\"elementor-element elementor-element-7c9e3f07 elementor-widget__width-initial elementor-widget elementor-widget-image\" data-id=\"7c9e3f07\" data-element_type=\"widget\" data-widget_type=\"image.default\">\n\t\t\t\t<div class=\"elementor-widget-container\">\n\t\t\t\t\t\t\t\t\t\t\t\t\t\t\t<img decoding=\"async\" src=\"https:\/\/sezim.pt\/wp-content\/uploads\/elementor\/thumbs\/152384668_2829525877316343_5308645425154258674_n-pfacffjkmukq6fzz9425pjigbyseop0bjbya75x60u.jpeg\" title=\"152384668_2829525877316343_5308645425154258674_n\" alt=\"Salas do edif\u00edcio principal, decoradas com papel de parede Z\u00fcber\" loading=\"lazy\" \/>\t\t\t\t\t\t\t\t\t\t\t\t\t\t\t<\/div>\n\t\t\t\t<\/div>\n\t\t\t\t<div class=\"elementor-element elementor-element-15f7b468 elementor-widget__width-initial animated-slow elementor-invisible elementor-widget elementor-widget-image\" data-id=\"15f7b468\" data-element_type=\"widget\" data-settings=\"{&quot;_animation&quot;:&quot;fadeInUp&quot;}\" data-widget_type=\"image.default\">\n\t\t\t\t<div class=\"elementor-widget-container\">\n\t\t\t\t\t\t\t\t\t\t\t\t\t\t\t<img decoding=\"async\" src=\"https:\/\/sezim.pt\/wp-content\/uploads\/elementor\/thumbs\/41046471_454626078392998_5187043412831964062_n-pfacas8auc7orur0e3qkdpqeldp2mkk3kbturwt8se.jpeg\" title=\"41046471_454626078392998_5187043412831964062_n\" alt=\"Vista exterior da fachada vista do terreiro\" loading=\"lazy\" \/>\t\t\t\t\t\t\t\t\t\t\t\t\t\t\t<\/div>\n\t\t\t\t<\/div>\n\t\t\t\t\t<\/div>\n\t\t<\/div>\n\t\t\t\t\t<\/div>\n\t\t<\/section>\n\t\t\t\t\t<\/div>\n\t\t<\/div>\n\t\t\t\t\t<\/div>\n\t\t<\/section>\n\t\t\t\t<section class=\"elementor-section elementor-top-section elementor-element elementor-element-8fb7d65 elementor-section-full_width elementor-section-height-default elementor-section-height-default\" data-id=\"8fb7d65\" data-element_type=\"section\">\n\t\t\t\t\t\t<div class=\"elementor-container elementor-column-gap-no\">\n\t\t\t\t\t<div class=\"elementor-column elementor-col-50 elementor-top-column elementor-element elementor-element-3009b251\" data-id=\"3009b251\" data-element_type=\"column\">\n\t\t\t<div class=\"elementor-widget-wrap elementor-element-populated\">\n\t\t\t\t\t\t<div class=\"elementor-element elementor-element-2d4c4b85 elementor-widget elementor-widget-heading\" data-id=\"2d4c4b85\" data-element_type=\"widget\" data-widget_type=\"heading.default\">\n\t\t\t\t<div class=\"elementor-widget-container\">\n\t\t\t\t\t<h6 class=\"elementor-heading-title elementor-size-default\">Uma tradi\u00e7\u00e3o familiar<\/h6>\t\t\t\t<\/div>\n\t\t\t\t<\/div>\n\t\t\t\t<div class=\"elementor-element elementor-element-49829745 elementor-widget elementor-widget-heading\" data-id=\"49829745\" data-element_type=\"widget\" data-widget_type=\"heading.default\">\n\t\t\t\t<div class=\"elementor-widget-container\">\n\t\t\t\t\t<h2 class=\"elementor-heading-title elementor-size-default\">A nossa hist\u00f3ria<\/h2>\t\t\t\t<\/div>\n\t\t\t\t<\/div>\n\t\t\t\t<div class=\"elementor-element elementor-element-bc85147 elementor-widget elementor-widget-text-editor\" data-id=\"bc85147\" data-element_type=\"widget\" data-widget_type=\"text-editor.default\">\n\t\t\t\t<div class=\"elementor-widget-container\">\n\t\t\t\t\t\t\t\t\t<p>Localizada nos arredores de\u00a0<a href=\"https:\/\/sezim.pt\/?page_id=72\">Guimar\u00e3es<\/a>, a Casa de Sezim \u00e9 um <em>ex-libris<\/em> da hist\u00f3ria da cidade. \u00c9 tamb\u00e9m conhecida como Casa Grande ou Pa\u00e7o de Sezim, foi classificada como monumento de interesse municipal em 1982.<\/p><p>Entrou para a fam\u00edlia dos atuais propriet\u00e1rios em 1376 por doa\u00e7\u00e3o real. Segundo um pergaminho existente no arquivo da Casa, Maria Mendes Serrazinha fez a doa\u00e7\u00e3o a Afonso Martins, descendente de D. Jo\u00e3o de Freitas. Este<span style=\"font-size: inherit; color: var( --e-global-color-text );\"> era companheiro de D. Afonso Henriques, primeiro Rei de Portugal. A primeira capital do pa\u00eds foi a cidade de Guimar\u00e3es, que ainda hoje \u00e9 considerada o ber\u00e7o da na\u00e7\u00e3o.<\/span><\/p><p>Dedicamo-nos \u00e0 arte de bem receber e proporcionamos um ambiente familiar &#8211; a nossa Casa tamb\u00e9m \u00e9 sua.<\/p>\t\t\t\t\t\t\t\t<\/div>\n\t\t\t\t<\/div>\n\t\t\t\t<div class=\"elementor-element elementor-element-4462af46 elementor-invisible elementor-widget elementor-widget-icon-box\" data-id=\"4462af46\" data-element_type=\"widget\" data-settings=\"{&quot;_animation&quot;:&quot;fadeIn&quot;}\" data-widget_type=\"icon-box.default\">\n\t\t\t\t<div class=\"elementor-widget-container\">\n\t\t\t\t\t\t\t<div class=\"elementor-icon-box-wrapper\">\n\n\t\t\t\n\t\t\t\t\t\t<div class=\"elementor-icon-box-content\">\n\n\t\t\t\t\t\t\t\t\t<h3 class=\"elementor-icon-box-title\">\n\t\t\t\t\t\t<span  >\n\t\t\t\t\t\t\tUm edif\u00edcio centen\u00e1rio\t\t\t\t\t\t<\/span>\n\t\t\t\t\t<\/h3>\n\t\t\t\t\n\t\t\t\t\t\t\t\t\t<p class=\"elementor-icon-box-description\">\n\t\t\t\t\t\tAs primeiras refer\u00eancias remontam a 1376, e retratam uma torre fortificada. Esta edifica\u00e7\u00e3o foi aumentada num corpo \u00fanico at\u00e9 ao s\u00e9c. XVIII.\n<br><br>O maior investimento e transforma\u00e7\u00e3o da Casa d\u00e1-se j\u00e1 no s\u00e9c. XIX, pela m\u00e3o do artista e arquiteto August Roquemont. Foi ele o respons\u00e1vel pela aquisi\u00e7\u00e3o dos pap\u00e9is de parede franceses Zuber que revestem a Casa principal. Cada papel \u00e9 pintado e decorado com paisagens e cenas oitocentistas que revestem Sezim de hist\u00f3ria.<br><br>A produ\u00e7\u00e3o de Vinhos Verdes tamb\u00e9m faz parte da tradi\u00e7\u00e3o da Casa de Sezim. Desde o s\u00e9culo XIV que os nossos vinhos fazem as del\u00edcias de quem nos visita.\t\t\t\t\t<\/p>\n\t\t\t\t\n\t\t\t<\/div>\n\t\t\t\n\t\t<\/div>\n\t\t\t\t\t\t<\/div>\n\t\t\t\t<\/div>\n\t\t\t\t<div class=\"elementor-element elementor-element-b03a1ff elementor-widget elementor-widget-heading\" data-id=\"b03a1ff\" data-element_type=\"widget\" data-widget_type=\"heading.default\">\n\t\t\t\t<div class=\"elementor-widget-container\">\n\t\t\t\t\t<h6 class=\"elementor-heading-title elementor-size-default\">a Planear a sua pr\u00f3xima viagem?<\/h6>\t\t\t\t<\/div>\n\t\t\t\t<\/div>\n\t\t\t\t<div class=\"elementor-element elementor-element-32600e3 elementor-widget elementor-widget-text-editor\" data-id=\"32600e3\" data-element_type=\"widget\" data-widget_type=\"text-editor.default\">\n\t\t\t\t<div class=\"elementor-widget-container\">\n\t\t\t\t\t\t\t\t\t<p>Fa\u00e7a j\u00e1 a sua reserva atrav\u00e9s do nosso <span style=\"text-decoration: underline;\"><a href=\"mailto:geral@sezim.pt\">e-mail<\/a><\/span> ou <span style=\"text-decoration: underline;\"><a href=\"https:\/\/wa.me\/351963258082\">WhatsApp<\/a><\/span>.\u200b<\/p><p>N\u00e3o se esque\u00e7a, diga que vai da nossa parte!<\/p><p><em>(custo de contacto sujeito aos termos do seu tarif\u00e1rio)<\/em><\/p>\t\t\t\t\t\t\t\t<\/div>\n\t\t\t\t<\/div>\n\t\t\t\t<div class=\"elementor-element elementor-element-ec4d711 elementor-widget elementor-widget-button\" data-id=\"ec4d711\" data-element_type=\"widget\" data-widget_type=\"button.default\">\n\t\t\t\t<div class=\"elementor-widget-container\">\n\t\t\t\t\t\t\t\t\t<div class=\"elementor-button-wrapper\">\n\t\t\t\t\t<a class=\"elementor-button elementor-button-link elementor-size-sm\" href=\"mailto:geral@sezim.pt\" target=\"_blank\">\n\t\t\t\t\t\t<span class=\"elementor-button-content-wrapper\">\n\t\t\t\t\t\t\t\t\t<span class=\"elementor-button-text\">Reservar<\/span>\n\t\t\t\t\t<\/span>\n\t\t\t\t\t<\/a>\n\t\t\t\t<\/div>\n\t\t\t\t\t\t\t\t<\/div>\n\t\t\t\t<\/div>\n\t\t\t\t\t<\/div>\n\t\t<\/div>\n\t\t\t\t<div class=\"elementor-column elementor-col-50 elementor-top-column elementor-element elementor-element-43814f30\" data-id=\"43814f30\" data-element_type=\"column\">\n\t\t\t<div class=\"elementor-widget-wrap elementor-element-populated\">\n\t\t\t\t\t\t<div class=\"elementor-element elementor-element-6cbc3d2b elementor-widget elementor-widget-image\" data-id=\"6cbc3d2b\" data-element_type=\"widget\" data-widget_type=\"image.default\">\n\t\t\t\t<div class=\"elementor-widget-container\">\n\t\t\t\t\t\t\t\t\t\t\t\t\t\t\t<img decoding=\"async\" width=\"712\" height=\"470\" src=\"https:\/\/sezim.pt\/wp-content\/uploads\/2021\/06\/sezim_familia_1.jpg\" class=\"attachment-medium_large size-medium_large wp-image-288\" alt=\"Atuais propriet\u00e1rios da Casa de Sezim\" srcset=\"https:\/\/sezim.pt\/wp-content\/uploads\/2021\/06\/sezim_familia_1.jpg 712w, https:\/\/sezim.pt\/wp-content\/uploads\/2021\/06\/sezim_familia_1-300x198.jpg 300w, https:\/\/sezim.pt\/wp-content\/uploads\/2021\/06\/sezim_familia_1-600x396.jpg 600w\" sizes=\"(max-width: 712px) 100vw, 712px\" \/>\t\t\t\t\t\t\t\t\t\t\t\t\t\t\t<\/div>\n\t\t\t\t<\/div>\n\t\t\t\t<div class=\"elementor-element elementor-element-12cbd84b elementor-view-default elementor-position-top elementor-mobile-position-top elementor-widget elementor-widget-icon-box\" data-id=\"12cbd84b\" data-element_type=\"widget\" data-widget_type=\"icon-box.default\">\n\t\t\t\t<div class=\"elementor-widget-container\">\n\t\t\t\t\t\t\t<div class=\"elementor-icon-box-wrapper\">\n\n\t\t\t\t\t\t<div class=\"elementor-icon-box-icon\">\n\t\t\t\t<span  class=\"elementor-icon\">\n\t\t\t\t<svg xmlns=\"http:\/\/www.w3.org\/2000\/svg\" id=\"babd51c6-232f-4668-aa27-cf262924e93d\" data-name=\"Layer 1\" width=\"61.8\" height=\"53.9999\" viewBox=\"0 0 61.8 53.9999\"><path d=\"M58.6,34.2a11.0935,11.0935,0,0,0-8.4-3.6,4.0745,4.0745,0,0,1-3-1,4.5281,4.5281,0,0,1-1-3q0-6.6,4.8-13A39.3606,39.3606,0,0,1,62,3.4L59.8.2Q47.2,6.4,41,15.6a35.6044,35.6044,0,0,0-6,20.2q0,8.2,4,13.4a13.8883,13.8883,0,0,0,11.2,5A11.7892,11.7892,0,0,0,58.6,51a11.0936,11.0936,0,0,0,3.6-8.4A11.0936,11.0936,0,0,0,58.6,34.2Z\" transform=\"translate(-0.4 -0.2)\"><\/path><path d=\"M15.6,30.6a4.0745,4.0745,0,0,1-3-1,4.5281,4.5281,0,0,1-1-3q0-6.6,4.8-13a39.3606,39.3606,0,0,1,11-10.2L25.2.2Q12.6,6.4,6.4,15.6a35.6044,35.6044,0,0,0-6,20.2q0,8.2,4,13.4a13.8883,13.8883,0,0,0,11.2,5A11.7892,11.7892,0,0,0,24,51a11.0936,11.0936,0,0,0,3.6-8.4A11.0936,11.0936,0,0,0,24,34.2,11.0935,11.0935,0,0,0,15.6,30.6Z\" transform=\"translate(-0.4 -0.2)\"><\/path><\/svg>\t\t\t\t<\/span>\n\t\t\t<\/div>\n\t\t\t\n\t\t\t\t\t\t<div class=\"elementor-icon-box-content\">\n\n\t\t\t\t\t\t\t\t\t<h3 class=\"elementor-icon-box-title\">\n\t\t\t\t\t\t<span  >\n\t\t\t\t\t\t\tUma viv\u00eancia exclusiva e \u00fanica num cen\u00e1rio id\u00edlico\t\t\t\t\t\t<\/span>\n\t\t\t\t\t<\/h3>\n\t\t\t\t\n\t\t\t\t\n\t\t\t<\/div>\n\t\t\t\n\t\t<\/div>\n\t\t\t\t\t\t<\/div>\n\t\t\t\t<\/div>\n\t\t\t\t\t<\/div>\n\t\t<\/div>\n\t\t\t\t\t<\/div>\n\t\t<\/section>\n\t\t\t\t<\/div>\n\t\t","protected":false},"excerpt":{"rendered":"<p>A fazer hist\u00f3ria em Guimar\u00e3es mais de tr\u00eas s\u00e9culos Uma tradi\u00e7\u00e3o familiar A nossa hist\u00f3ria Localizada nos arredores de\u00a0Guimar\u00e3es, a Casa de Sezim \u00e9 um ex-libris da hist\u00f3ria da cidade. \u00c9 tamb\u00e9m conhecida como Casa Grande ou Pa\u00e7o de Sezim, foi classificada como monumento de interesse municipal em 1982. Entrou para a fam\u00edlia dos atuais [&hellip;]<\/p>\n","protected":false},"author":1,"featured_media":0,"parent":0,"menu_order":0,"comment_status":"closed","ping_status":"closed","template":"","meta":{"inline_featured_image":false,"ocean_post_layout":"full-width","ocean_both_sidebars_style":"","ocean_both_sidebars_content_width":0,"ocean_both_sidebars_sidebars_width":0,"ocean_sidebar":"0","ocean_second_sidebar":"0","ocean_disable_margins":"enable","ocean_add_body_class":"","ocean_shortcode_before_top_bar":"","ocean_shortcode_after_top_bar":"","ocean_shortcode_before_header":"","ocean_shortcode_after_header":"","ocean_has_shortcode":"","ocean_shortcode_after_title":"","ocean_shortcode_before_footer_widgets":"","ocean_shortcode_after_footer_widgets":"","ocean_shortcode_before_footer_bottom":"","ocean_shortcode_after_footer_bottom":"","ocean_display_top_bar":"off","ocean_display_header":"default","ocean_header_style":"","ocean_center_header_left_menu":"0","ocean_custom_header_template":"0","ocean_custom_logo":0,"ocean_custom_retina_logo":0,"ocean_custom_logo_max_width":0,"ocean_custom_logo_tablet_max_width":0,"ocean_custom_logo_mobile_max_width":0,"ocean_custom_logo_max_height":0,"ocean_custom_logo_tablet_max_height":0,"ocean_custom_logo_mobile_max_height":0,"ocean_header_custom_menu":"0","ocean_menu_typo_font_family":"0","ocean_menu_typo_font_subset":"","ocean_menu_typo_font_size":0,"ocean_menu_typo_font_size_tablet":0,"ocean_menu_typo_font_size_mobile":0,"ocean_menu_typo_font_size_unit":"px","ocean_menu_typo_font_weight":"","ocean_menu_typo_font_weight_tablet":"","ocean_menu_typo_font_weight_mobile":"","ocean_menu_typo_transform":"","ocean_menu_typo_transform_tablet":"","ocean_menu_typo_transform_mobile":"","ocean_menu_typo_line_height":0,"ocean_menu_typo_line_height_tablet":0,"ocean_menu_typo_line_height_mobile":0,"ocean_menu_typo_line_height_unit":"","ocean_menu_typo_spacing":0,"ocean_menu_typo_spacing_tablet":0,"ocean_menu_typo_spacing_mobile":0,"ocean_menu_typo_spacing_unit":"","ocean_menu_link_color":"","ocean_menu_link_color_hover":"","ocean_menu_link_color_active":"","ocean_menu_link_background":"","ocean_menu_link_hover_background":"","ocean_menu_link_active_background":"","ocean_menu_social_links_bg":"","ocean_menu_social_hover_links_bg":"","ocean_menu_social_links_color":"","ocean_menu_social_hover_links_color":"","ocean_disable_title":"default","ocean_disable_heading":"default","ocean_post_title":"","ocean_post_subheading":"","ocean_post_title_style":"","ocean_post_title_background_color":"","ocean_post_title_background":0,"ocean_post_title_bg_image_position":"","ocean_post_title_bg_image_attachment":"","ocean_post_title_bg_image_repeat":"","ocean_post_title_bg_image_size":"","ocean_post_title_height":0,"ocean_post_title_bg_overlay":0.5,"ocean_post_title_bg_overlay_color":"","ocean_disable_breadcrumbs":"default","ocean_breadcrumbs_color":"","ocean_breadcrumbs_separator_color":"","ocean_breadcrumbs_links_color":"","ocean_breadcrumbs_links_hover_color":"","ocean_display_footer_widgets":"on","ocean_display_footer_bottom":"off","ocean_custom_footer_template":"0","footnotes":""},"class_list":["post-513","page","type-page","status-publish","hentry","entry"],"yoast_head":"<!-- This site is optimized with the Yoast SEO plugin v25.9 - https:\/\/yoast.com\/wordpress\/plugins\/seo\/ -->\n<title>Hist\u00f3ria - Casa de Sezim<\/title>\n<meta name=\"description\" content=\"A Casa de Sezim \u00e9 uma casa com s\u00e9culos de hist\u00f3ria. A passar de gera\u00e7\u00e3o em gera\u00e7\u00e3o, \u00e9 o seu hotel boutique familiar.\" \/>\n<meta name=\"robots\" content=\"index, follow, max-snippet:-1, max-image-preview:large, max-video-preview:-1\" \/>\n<link rel=\"canonical\" href=\"https:\/\/sezim.pt\/?page_id=513\" \/>\n<meta property=\"og:locale\" content=\"pt_PT\" \/>\n<meta property=\"og:type\" content=\"article\" \/>\n<meta property=\"og:title\" content=\"Hist\u00f3ria - Casa de Sezim\" \/>\n<meta property=\"og:description\" content=\"A Casa de Sezim \u00e9 uma casa com s\u00e9culos de hist\u00f3ria. A passar de gera\u00e7\u00e3o em gera\u00e7\u00e3o, \u00e9 o seu hotel boutique familiar.\" \/>\n<meta property=\"og:url\" content=\"https:\/\/sezim.pt\/?page_id=513\" \/>\n<meta property=\"og:site_name\" content=\"Casa de Sezim\" \/>\n<meta property=\"article:publisher\" content=\"https:\/\/www.facebook.com\/casadesezim\/\" \/>\n<meta property=\"article:modified_time\" content=\"2022-12-29T16:28:04+00:00\" \/>\n<meta property=\"og:image\" content=\"https:\/\/sezim.pt\/wp-content\/uploads\/2021\/10\/82524134_178076656737198_7033028396615606270_n-768x960.jpeg\" \/>\n<meta name=\"twitter:card\" content=\"summary_large_image\" \/>\n<meta name=\"twitter:label1\" content=\"Tempo estimado de leitura\" \/>\n\t<meta name=\"twitter:data1\" content=\"3 minutos\" \/>\n<script type=\"application\/ld+json\" class=\"yoast-schema-graph\">{\"@context\":\"https:\/\/schema.org\",\"@graph\":[{\"@type\":\"WebPage\",\"@id\":\"https:\/\/sezim.pt\/?page_id=513\",\"url\":\"https:\/\/sezim.pt\/?page_id=513\",\"name\":\"Hist\u00f3ria - Casa de Sezim\",\"isPartOf\":{\"@id\":\"https:\/\/sezim.pt\/#website\"},\"primaryImageOfPage\":{\"@id\":\"https:\/\/sezim.pt\/?page_id=513#primaryimage\"},\"image\":{\"@id\":\"https:\/\/sezim.pt\/?page_id=513#primaryimage\"},\"thumbnailUrl\":\"https:\/\/sezim.pt\/wp-content\/uploads\/2021\/10\/82524134_178076656737198_7033028396615606270_n-768x960.jpeg\",\"datePublished\":\"2021-10-29T13:08:28+00:00\",\"dateModified\":\"2022-12-29T16:28:04+00:00\",\"description\":\"A Casa de Sezim \u00e9 uma casa com s\u00e9culos de hist\u00f3ria. A passar de gera\u00e7\u00e3o em gera\u00e7\u00e3o, \u00e9 o seu hotel boutique familiar.\",\"breadcrumb\":{\"@id\":\"https:\/\/sezim.pt\/?page_id=513#breadcrumb\"},\"inLanguage\":\"pt-PT\",\"potentialAction\":[{\"@type\":\"ReadAction\",\"target\":[\"https:\/\/sezim.pt\/?page_id=513\"]}]},{\"@type\":\"ImageObject\",\"inLanguage\":\"pt-PT\",\"@id\":\"https:\/\/sezim.pt\/?page_id=513#primaryimage\",\"url\":\"https:\/\/sezim.pt\/wp-content\/uploads\/2021\/10\/82524134_178076656737198_7033028396615606270_n.jpeg\",\"contentUrl\":\"https:\/\/sezim.pt\/wp-content\/uploads\/2021\/10\/82524134_178076656737198_7033028396615606270_n.jpeg\",\"width\":1080,\"height\":1350},{\"@type\":\"BreadcrumbList\",\"@id\":\"https:\/\/sezim.pt\/?page_id=513#breadcrumb\",\"itemListElement\":[{\"@type\":\"ListItem\",\"position\":1,\"name\":\"In\u00edcio\",\"item\":\"https:\/\/sezim.pt\/\"},{\"@type\":\"ListItem\",\"position\":2,\"name\":\"Hist\u00f3ria\"}]},{\"@type\":\"WebSite\",\"@id\":\"https:\/\/sezim.pt\/#website\",\"url\":\"https:\/\/sezim.pt\/\",\"name\":\"Casa de Sezim\",\"description\":\"Vinho Verde e Turismo Rural com saber de Gera\u00e7\u00f5es\",\"publisher\":{\"@id\":\"https:\/\/sezim.pt\/#organization\"},\"potentialAction\":[{\"@type\":\"SearchAction\",\"target\":{\"@type\":\"EntryPoint\",\"urlTemplate\":\"https:\/\/sezim.pt\/?s={search_term_string}\"},\"query-input\":{\"@type\":\"PropertyValueSpecification\",\"valueRequired\":true,\"valueName\":\"search_term_string\"}}],\"inLanguage\":\"pt-PT\"},{\"@type\":\"Organization\",\"@id\":\"https:\/\/sezim.pt\/#organization\",\"name\":\"Casa de Sezim\",\"url\":\"https:\/\/sezim.pt\/\",\"logo\":{\"@type\":\"ImageObject\",\"inLanguage\":\"pt-PT\",\"@id\":\"https:\/\/sezim.pt\/#\/schema\/logo\/image\/\",\"url\":\"\",\"contentUrl\":\"\",\"caption\":\"Casa de Sezim\"},\"image\":{\"@id\":\"https:\/\/sezim.pt\/#\/schema\/logo\/image\/\"},\"sameAs\":[\"https:\/\/www.facebook.com\/casadesezim\/\",\"https:\/\/www.instagram.com\/casadesezim\/\",\"https:\/\/pt.wikipedia.org\/wiki\/Casa_de_Sezim\"]}]}<\/script>\n<!-- \/ Yoast SEO plugin. -->","yoast_head_json":{"title":"Hist\u00f3ria - Casa de Sezim","description":"A Casa de Sezim \u00e9 uma casa com s\u00e9culos de hist\u00f3ria. A passar de gera\u00e7\u00e3o em gera\u00e7\u00e3o, \u00e9 o seu hotel boutique familiar.","robots":{"index":"index","follow":"follow","max-snippet":"max-snippet:-1","max-image-preview":"max-image-preview:large","max-video-preview":"max-video-preview:-1"},"canonical":"https:\/\/sezim.pt\/?page_id=513","og_locale":"pt_PT","og_type":"article","og_title":"Hist\u00f3ria - Casa de Sezim","og_description":"A Casa de Sezim \u00e9 uma casa com s\u00e9culos de hist\u00f3ria. A passar de gera\u00e7\u00e3o em gera\u00e7\u00e3o, \u00e9 o seu hotel boutique familiar.","og_url":"https:\/\/sezim.pt\/?page_id=513","og_site_name":"Casa de Sezim","article_publisher":"https:\/\/www.facebook.com\/casadesezim\/","article_modified_time":"2022-12-29T16:28:04+00:00","og_image":[{"url":"https:\/\/sezim.pt\/wp-content\/uploads\/2021\/10\/82524134_178076656737198_7033028396615606270_n-768x960.jpeg","type":"","width":"","height":""}],"twitter_card":"summary_large_image","twitter_misc":{"Tempo estimado de leitura":"3 minutos"},"schema":{"@context":"https:\/\/schema.org","@graph":[{"@type":"WebPage","@id":"https:\/\/sezim.pt\/?page_id=513","url":"https:\/\/sezim.pt\/?page_id=513","name":"Hist\u00f3ria - Casa de Sezim","isPartOf":{"@id":"https:\/\/sezim.pt\/#website"},"primaryImageOfPage":{"@id":"https:\/\/sezim.pt\/?page_id=513#primaryimage"},"image":{"@id":"https:\/\/sezim.pt\/?page_id=513#primaryimage"},"thumbnailUrl":"https:\/\/sezim.pt\/wp-content\/uploads\/2021\/10\/82524134_178076656737198_7033028396615606270_n-768x960.jpeg","datePublished":"2021-10-29T13:08:28+00:00","dateModified":"2022-12-29T16:28:04+00:00","description":"A Casa de Sezim \u00e9 uma casa com s\u00e9culos de hist\u00f3ria. A passar de gera\u00e7\u00e3o em gera\u00e7\u00e3o, \u00e9 o seu hotel boutique familiar.","breadcrumb":{"@id":"https:\/\/sezim.pt\/?page_id=513#breadcrumb"},"inLanguage":"pt-PT","potentialAction":[{"@type":"ReadAction","target":["https:\/\/sezim.pt\/?page_id=513"]}]},{"@type":"ImageObject","inLanguage":"pt-PT","@id":"https:\/\/sezim.pt\/?page_id=513#primaryimage","url":"https:\/\/sezim.pt\/wp-content\/uploads\/2021\/10\/82524134_178076656737198_7033028396615606270_n.jpeg","contentUrl":"https:\/\/sezim.pt\/wp-content\/uploads\/2021\/10\/82524134_178076656737198_7033028396615606270_n.jpeg","width":1080,"height":1350},{"@type":"BreadcrumbList","@id":"https:\/\/sezim.pt\/?page_id=513#breadcrumb","itemListElement":[{"@type":"ListItem","position":1,"name":"In\u00edcio","item":"https:\/\/sezim.pt\/"},{"@type":"ListItem","position":2,"name":"Hist\u00f3ria"}]},{"@type":"WebSite","@id":"https:\/\/sezim.pt\/#website","url":"https:\/\/sezim.pt\/","name":"Casa de Sezim","description":"Vinho Verde e Turismo Rural com saber de Gera\u00e7\u00f5es","publisher":{"@id":"https:\/\/sezim.pt\/#organization"},"potentialAction":[{"@type":"SearchAction","target":{"@type":"EntryPoint","urlTemplate":"https:\/\/sezim.pt\/?s={search_term_string}"},"query-input":{"@type":"PropertyValueSpecification","valueRequired":true,"valueName":"search_term_string"}}],"inLanguage":"pt-PT"},{"@type":"Organization","@id":"https:\/\/sezim.pt\/#organization","name":"Casa de Sezim","url":"https:\/\/sezim.pt\/","logo":{"@type":"ImageObject","inLanguage":"pt-PT","@id":"https:\/\/sezim.pt\/#\/schema\/logo\/image\/","url":"","contentUrl":"","caption":"Casa de Sezim"},"image":{"@id":"https:\/\/sezim.pt\/#\/schema\/logo\/image\/"},"sameAs":["https:\/\/www.facebook.com\/casadesezim\/","https:\/\/www.instagram.com\/casadesezim\/","https:\/\/pt.wikipedia.org\/wiki\/Casa_de_Sezim"]}]}},"_links":{"self":[{"href":"https:\/\/sezim.pt\/index.php?rest_route=\/wp\/v2\/pages\/513","targetHints":{"allow":["GET"]}}],"collection":[{"href":"https:\/\/sezim.pt\/index.php?rest_route=\/wp\/v2\/pages"}],"about":[{"href":"https:\/\/sezim.pt\/index.php?rest_route=\/wp\/v2\/types\/page"}],"author":[{"embeddable":true,"href":"https:\/\/sezim.pt\/index.php?rest_route=\/wp\/v2\/users\/1"}],"replies":[{"embeddable":true,"href":"https:\/\/sezim.pt\/index.php?rest_route=%2Fwp%2Fv2%2Fcomments&post=513"}],"version-history":[{"count":63,"href":"https:\/\/sezim.pt\/index.php?rest_route=\/wp\/v2\/pages\/513\/revisions"}],"predecessor-version":[{"id":1152,"href":"https:\/\/sezim.pt\/index.php?rest_route=\/wp\/v2\/pages\/513\/revisions\/1152"}],"wp:attachment":[{"href":"https:\/\/sezim.pt\/index.php?rest_route=%2Fwp%2Fv2%2Fmedia&parent=513"}],"curies":[{"name":"wp","href":"https:\/\/api.w.org\/{rel}","templated":true}]}}